{"id":47,"date":"2024-07-09T13:30:36","date_gmt":"2024-07-09T13:30:36","guid":{"rendered":"https:\/\/racobidemo.com\/factoria14\/?page_id=47"},"modified":"2024-10-30T20:21:12","modified_gmt":"2024-10-30T20:21:12","slug":"tampografia","status":"publish","type":"page","link":"https:\/\/factoria14.com\/web\/en\/tampografia\/","title":{"rendered":"Pad printing"},"content":{"rendered":"<div data-elementor-type=\"wp-page\" data-elementor-id=\"47\" class=\"elementor elementor-47\" data-elementor-post-type=\"page\">\n\t\t\t\t\t\t<section class=\"elementor-section elementor-top-section elementor-element elementor-element-6d173fcc elementor-section-height-min-height elementor-section-content-middle elementor-section-boxed elementor-section-height-default elementor-section-items-middle\" data-id=\"6d173fcc\" data-element_type=\"section\" data-e-type=\"section\" data-settings=\"{&quot;background_background&quot;:&quot;classic&quot;}\">\n\t\t\t\t\t\t\t<div class=\"elementor-background-overlay\"><\/div>\n\t\t\t\t\t\t\t<div class=\"elementor-container elementor-column-gap-no\">\n\t\t\t\t\t<div class=\"elementor-column elementor-col-100 elementor-top-column elementor-element elementor-element-eb69fbe\" data-id=\"eb69fbe\" data-element_type=\"column\" data-e-type=\"column\" data-settings=\"{&quot;background_background&quot;:&quot;classic&quot;}\">\n\t\t\t<div class=\"elementor-widget-wrap elementor-element-populated\">\n\t\t\t\t\t\t\t<\/div>\n\t\t<\/div>\n\t\t\t\t\t<\/div>\n\t\t<\/section>\n\t\t\t\t<section class=\"elementor-section elementor-top-section elementor-element elementor-element-360e68a elementor-section-boxed elementor-section-height-default elementor-section-height-default\" data-id=\"360e68a\" data-element_type=\"section\" data-e-type=\"section\" data-settings=\"{&quot;background_background&quot;:&quot;classic&quot;}\">\n\t\t\t\t\t\t\t<div class=\"elementor-background-overlay\"><\/div>\n\t\t\t\t\t\t\t<div class=\"elementor-container elementor-column-gap-no\">\n\t\t\t\t\t<div class=\"elementor-column elementor-col-100 elementor-top-column elementor-element elementor-element-3b26b1e\" data-id=\"3b26b1e\" data-element_type=\"column\" data-e-type=\"column\">\n\t\t\t<div class=\"elementor-widget-wrap elementor-element-populated\">\n\t\t\t\t\t\t<section class=\"elementor-section elementor-inner-section elementor-element elementor-element-9d2d701 elementor-section-boxed elementor-section-height-default elementor-section-height-default\" data-id=\"9d2d701\" data-element_type=\"section\" data-e-type=\"section\">\n\t\t\t\t\t\t<div class=\"elementor-container elementor-column-gap-no\">\n\t\t\t\t\t<div class=\"elementor-column elementor-col-50 elementor-inner-column elementor-element elementor-element-5825cc6\" data-id=\"5825cc6\" data-element_type=\"column\" data-e-type=\"column\">\n\t\t\t<div class=\"elementor-widget-wrap elementor-element-populated\">\n\t\t\t\t\t\t<div class=\"elementor-element elementor-element-85429c7 elementor-widget-divider--view-line_text elementor-widget__width-auto elementor-widget-divider--element-align-center elementor-widget elementor-widget-divider\" data-id=\"85429c7\" data-element_type=\"widget\" data-e-type=\"widget\" data-widget_type=\"divider.default\">\n\t\t\t\t<div class=\"elementor-widget-container\">\n\t\t\t\t\t\t\t<div class=\"elementor-divider\">\n\t\t\t<span class=\"elementor-divider-separator\">\n\t\t\t\t\t\t\t<span class=\"elementor-divider__text elementor-divider__element\">\n\t\t\t\tServices\t\t\t\t<\/span>\n\t\t\t\t\t\t<\/span>\n\t\t<\/div>\n\t\t\t\t\t\t<\/div>\n\t\t\t\t<\/div>\n\t\t\t\t<div class=\"elementor-element elementor-element-5dd443d elementor-widget elementor-widget-heading\" data-id=\"5dd443d\" data-element_type=\"widget\" data-e-type=\"widget\" data-widget_type=\"heading.default\">\n\t\t\t\t<div class=\"elementor-widget-container\">\n\t\t\t\t\t<h2 class=\"elementor-heading-title elementor-size-default\">Pad printing<\/h2>\t\t\t\t<\/div>\n\t\t\t\t<\/div>\n\t\t\t\t\t<\/div>\n\t\t<\/div>\n\t\t\t\t<div class=\"elementor-column elementor-col-50 elementor-inner-column elementor-element elementor-element-6b0a769\" data-id=\"6b0a769\" data-element_type=\"column\" data-e-type=\"column\">\n\t\t\t<div class=\"elementor-widget-wrap elementor-element-populated\">\n\t\t\t\t\t\t<div class=\"elementor-element elementor-element-5cab4ed elementor-widget elementor-widget-text-editor\" data-id=\"5cab4ed\" data-element_type=\"widget\" data-e-type=\"widget\" data-widget_type=\"text-editor.default\">\n\t\t\t\t<div class=\"elementor-widget-container\">\n\t\t\t\t\t\t\t\t\t<p><span lang=\"es\">Pad printing, is a system of marking indirectly through the transfer of ink using a tampon or silicone rubber. It is ideal for printing parts with deformations (curved or rough), with plenty of definition.<\/span><\/p>\t\t\t\t\t\t\t\t<\/div>\n\t\t\t\t<\/div>\n\t\t\t\t\t<\/div>\n\t\t<\/div>\n\t\t\t\t\t<\/div>\n\t\t<\/section>\n\t\t\t\t<section class=\"elementor-section elementor-inner-section elementor-element elementor-element-a484b3f elementor-section-boxed elementor-section-height-default elementor-section-height-default\" data-id=\"a484b3f\" data-element_type=\"section\" data-e-type=\"section\">\n\t\t\t\t\t\t<div class=\"elementor-container elementor-column-gap-no\">\n\t\t\t\t\t<div class=\"elementor-column elementor-col-33 elementor-inner-column elementor-element elementor-element-9912501\" data-id=\"9912501\" data-element_type=\"column\" data-e-type=\"column\" data-settings=\"{&quot;background_background&quot;:&quot;classic&quot;}\">\n\t\t\t<div class=\"elementor-widget-wrap elementor-element-populated\">\n\t\t\t\t\t\t<div class=\"elementor-element elementor-element-e9eba16 elementor-view-stacked elementor-position-inline-start elementor-shape-circle elementor-mobile-position-block-start elementor-widget elementor-widget-icon-box\" data-id=\"e9eba16\" data-element_type=\"widget\" data-e-type=\"widget\" data-widget_type=\"icon-box.default\">\n\t\t\t\t<div class=\"elementor-widget-container\">\n\t\t\t\t\t\t\t<div class=\"elementor-icon-box-wrapper\">\n\n\t\t\t\t\t\t<div class=\"elementor-icon-box-icon\">\n\t\t\t\t<span  class=\"elementor-icon\">\n\t\t\t\t<i aria-hidden=\"true\" class=\"icon icon-arrow-down\"><\/i>\t\t\t\t<\/span>\n\t\t\t<\/div>\n\t\t\t\n\t\t\t\t\t\t<div class=\"elementor-icon-box-content\">\n\n\t\t\t\t\t\t\t\t\t<h6 class=\"elementor-icon-box-title\">\n\t\t\t\t\t\t<span  >\n\t\t\t\t\t\t\tIdeal for complex surfaces\t\t\t\t\t\t<\/span>\n\t\t\t\t\t<\/h6>\n\t\t\t\t\n\t\t\t\t\t\t\t\t\t<p class=\"elementor-icon-box-description\">\n\t\t\t\t\t\tPrinting on curved surfaces and rough.\t\t\t\t\t<\/p>\n\t\t\t\t\n\t\t\t<\/div>\n\t\t\t\n\t\t<\/div>\n\t\t\t\t\t\t<\/div>\n\t\t\t\t<\/div>\n\t\t\t\t\t<\/div>\n\t\t<\/div>\n\t\t\t\t<div class=\"elementor-column elementor-col-33 elementor-inner-column elementor-element elementor-element-590b585\" data-id=\"590b585\" data-element_type=\"column\" data-e-type=\"column\" data-settings=\"{&quot;background_background&quot;:&quot;classic&quot;}\">\n\t\t\t<div class=\"elementor-widget-wrap elementor-element-populated\">\n\t\t\t\t\t\t<div class=\"elementor-element elementor-element-242a972 elementor-view-stacked elementor-position-inline-start elementor-shape-circle elementor-mobile-position-block-start elementor-widget elementor-widget-icon-box\" data-id=\"242a972\" data-element_type=\"widget\" data-e-type=\"widget\" data-widget_type=\"icon-box.default\">\n\t\t\t\t<div class=\"elementor-widget-container\">\n\t\t\t\t\t\t\t<div class=\"elementor-icon-box-wrapper\">\n\n\t\t\t\t\t\t<div class=\"elementor-icon-box-icon\">\n\t\t\t\t<span  class=\"elementor-icon\">\n\t\t\t\t<i aria-hidden=\"true\" class=\"icon icon-download-arrow\"><\/i>\t\t\t\t<\/span>\n\t\t\t<\/div>\n\t\t\t\n\t\t\t\t\t\t<div class=\"elementor-icon-box-content\">\n\n\t\t\t\t\t\t\t\t\t<h6 class=\"elementor-icon-box-title\">\n\t\t\t\t\t\t<span  >\n\t\t\t\t\t\t\tDetailed process of printing\t\t\t\t\t\t<\/span>\n\t\t\t\t\t<\/h6>\n\t\t\t\t\n\t\t\t\t\t\t\t\t\t<p class=\"elementor-icon-box-description\">\n\t\t\t\t\t\tInk in clis\u00e9, applied with buffer.\t\t\t\t\t<\/p>\n\t\t\t\t\n\t\t\t<\/div>\n\t\t\t\n\t\t<\/div>\n\t\t\t\t\t\t<\/div>\n\t\t\t\t<\/div>\n\t\t\t\t\t<\/div>\n\t\t<\/div>\n\t\t\t\t<div class=\"elementor-column elementor-col-33 elementor-inner-column elementor-element elementor-element-76a6bc3\" data-id=\"76a6bc3\" data-element_type=\"column\" data-e-type=\"column\" data-settings=\"{&quot;background_background&quot;:&quot;classic&quot;}\">\n\t\t\t<div class=\"elementor-widget-wrap elementor-element-populated\">\n\t\t\t\t\t\t<div class=\"elementor-element elementor-element-dfdaf86 elementor-view-stacked elementor-position-inline-start elementor-shape-circle elementor-mobile-position-block-start elementor-widget elementor-widget-icon-box\" data-id=\"dfdaf86\" data-element_type=\"widget\" data-e-type=\"widget\" data-widget_type=\"icon-box.default\">\n\t\t\t\t<div class=\"elementor-widget-container\">\n\t\t\t\t\t\t\t<div class=\"elementor-icon-box-wrapper\">\n\n\t\t\t\t\t\t<div class=\"elementor-icon-box-icon\">\n\t\t\t\t<span  class=\"elementor-icon\">\n\t\t\t\t<i aria-hidden=\"true\" class=\"icon icon-arrow-down\"><\/i>\t\t\t\t<\/span>\n\t\t\t<\/div>\n\t\t\t\n\t\t\t\t\t\t<div class=\"elementor-icon-box-content\">\n\n\t\t\t\t\t\t\t\t\t<h6 class=\"elementor-icon-box-title\">\n\t\t\t\t\t\t<span  >\n\t\t\t\t\t\t\tPrecision and versatility in colors\t\t\t\t\t\t<\/span>\n\t\t\t\t\t<\/h6>\n\t\t\t\t\n\t\t\t\t\t\t\t\t\t<p class=\"elementor-icon-box-description\">\n\t\t\t\t\t\tAccurate impression of characters and colors.\t\t\t\t\t<\/p>\n\t\t\t\t\n\t\t\t<\/div>\n\t\t\t\n\t\t<\/div>\n\t\t\t\t\t\t<\/div>\n\t\t\t\t<\/div>\n\t\t\t\t\t<\/div>\n\t\t<\/div>\n\t\t\t\t\t<\/div>\n\t\t<\/section>\n\t\t\t\t\t<\/div>\n\t\t<\/div>\n\t\t\t\t\t<\/div>\n\t\t<\/section>\n\t\t<div class=\"elementor-element elementor-element-528640c3 e-flex e-con-boxed e-con e-parent\" data-id=\"528640c3\" data-element_type=\"container\" data-e-type=\"container\" data-settings=\"{&quot;background_background&quot;:&quot;classic&quot;}\">\n\t\t\t\t\t<div class=\"e-con-inner\">\n\t\t<div class=\"elementor-element elementor-element-411b7942 e-con-full e-flex e-con e-child\" data-id=\"411b7942\" data-element_type=\"container\" data-e-type=\"container\">\n\t\t<div class=\"elementor-element elementor-element-1d78068e e-con-full e-flex e-con e-child\" data-id=\"1d78068e\" data-element_type=\"container\" data-e-type=\"container\" id=\"scroll-marcado\" data-settings=\"{&quot;background_background&quot;:&quot;classic&quot;}\">\n\t\t\t\t<div class=\"elementor-element elementor-element-45420cf2 elementor-widget elementor-widget-heading\" data-id=\"45420cf2\" data-element_type=\"widget\" data-e-type=\"widget\" data-widget_type=\"heading.default\">\n\t\t\t\t<div class=\"elementor-widget-container\">\n\t\t\t\t\t<h2 class=\"elementor-heading-title elementor-size-default\">The method consists in:<\/h2>\t\t\t\t<\/div>\n\t\t\t\t<\/div>\n\t\t\t\t<div class=\"elementor-element elementor-element-68fc8eda elementor-widget elementor-widget-text-editor\" data-id=\"68fc8eda\" data-element_type=\"widget\" data-e-type=\"widget\" data-widget_type=\"text-editor.default\">\n\t\t\t\t<div class=\"elementor-widget-container\">\n\t\t\t\t\t\t\t\t\t<p>Put ink on the clis\u00e9 (hollow engraving on a steel plate), which is swept by the racla, (steel strip very fine), leaving only the ink inside the embossing or hollow engraving. The buffer, which is generally made with silicone, descends on the clis\u00e9 picking up the ink that remained in the gravure, then apply it on the object to be printed. This technique can be printed with precision and delicacy, small characters, fine cuts, among other techniques. Even in different movements of the print colors, even managing to print a pre \u2013 print of a color photograph<\/p>\t\t\t\t\t\t\t\t<\/div>\n\t\t\t\t<\/div>\n\t\t\t\t<\/div>\n\t\t<div class=\"elementor-element elementor-element-59a1f22d e-con-full e-flex e-con e-child\" data-id=\"59a1f22d\" data-element_type=\"container\" data-e-type=\"container\">\n\t\t<div class=\"elementor-element elementor-element-147e6636 e-con-full e-flex e-con e-child\" data-id=\"147e6636\" data-element_type=\"container\" data-e-type=\"container\">\n\t\t<div class=\"elementor-element elementor-element-753cb3f3 e-con-full e-flex e-con e-child\" data-id=\"753cb3f3\" data-element_type=\"container\" data-e-type=\"container\" data-settings=\"{&quot;background_background&quot;:&quot;classic&quot;}\">\n\t\t\t\t<\/div>\n\t\t\t\t<\/div>\n\t\t\t\t<\/div>\n\t\t\t\t<\/div>\n\t\t\t\t\t<\/div>\n\t\t\t\t<\/div>\n\t\t\t\t<section class=\"elementor-section elementor-top-section elementor-element elementor-element-535038e elementor-section-boxed elementor-section-height-default elementor-section-height-default\" data-id=\"535038e\" data-element_type=\"section\" data-e-type=\"section\" data-settings=\"{&quot;background_background&quot;:&quot;classic&quot;}\">\n\t\t\t\t\t\t<div class=\"elementor-container elementor-column-gap-no\">\n\t\t\t\t\t<div class=\"elementor-column elementor-col-100 elementor-top-column elementor-element elementor-element-b191cc3\" data-id=\"b191cc3\" data-element_type=\"column\" data-e-type=\"column\" data-settings=\"{&quot;background_background&quot;:&quot;classic&quot;}\">\n\t\t\t<div class=\"elementor-widget-wrap elementor-element-populated\">\n\t\t\t\t\t\t<section class=\"elementor-section elementor-inner-section elementor-element elementor-element-5843197 elementor-section-boxed elementor-section-height-default elementor-section-height-default\" data-id=\"5843197\" data-element_type=\"section\" data-e-type=\"section\">\n\t\t\t\t\t\t<div class=\"elementor-container elementor-column-gap-no\">\n\t\t\t\t\t<div class=\"elementor-column elementor-col-33 elementor-inner-column elementor-element elementor-element-e74b221\" data-id=\"e74b221\" data-element_type=\"column\" data-e-type=\"column\">\n\t\t\t<div class=\"elementor-widget-wrap elementor-element-populated\">\n\t\t\t\t\t\t<div class=\"elementor-element elementor-element-ede2eaa elementor-view-framed elementor-position-inline-start elementor-shape-circle elementor-mobile-position-block-start elementor-widget elementor-widget-icon-box\" data-id=\"ede2eaa\" data-element_type=\"widget\" data-e-type=\"widget\" data-widget_type=\"icon-box.default\">\n\t\t\t\t<div class=\"elementor-widget-container\">\n\t\t\t\t\t\t\t<div class=\"elementor-icon-box-wrapper\">\n\n\t\t\t\t\t\t<div class=\"elementor-icon-box-icon\">\n\t\t\t\t<span  class=\"elementor-icon\">\n\t\t\t\t<i aria-hidden=\"true\" class=\"icon icon-phone-call2\"><\/i>\t\t\t\t<\/span>\n\t\t\t<\/div>\n\t\t\t\n\t\t\t\t\t\t<div class=\"elementor-icon-box-content\">\n\n\t\t\t\t\t\t\t\t\t<h6 class=\"elementor-icon-box-title\">\n\t\t\t\t\t\t<span  >\n\t\t\t\t\t\t\tCALL us!\t\t\t\t\t\t<\/span>\n\t\t\t\t\t<\/h6>\n\t\t\t\t\n\t\t\t\t\t\t\t\t\t<p class=\"elementor-icon-box-description\">\n\t\t\t\t\t\t658 78 00 41\t\t\t\t\t<\/p>\n\t\t\t\t\n\t\t\t<\/div>\n\t\t\t\n\t\t<\/div>\n\t\t\t\t\t\t<\/div>\n\t\t\t\t<\/div>\n\t\t\t\t\t<\/div>\n\t\t<\/div>\n\t\t\t\t<div class=\"elementor-column elementor-col-33 elementor-inner-column elementor-element elementor-element-4b93e88\" data-id=\"4b93e88\" data-element_type=\"column\" data-e-type=\"column\">\n\t\t\t<div class=\"elementor-widget-wrap elementor-element-populated\">\n\t\t\t\t\t\t<div class=\"elementor-element elementor-element-8782044 elementor-widget elementor-widget-text-editor\" data-id=\"8782044\" data-element_type=\"widget\" data-e-type=\"widget\" data-widget_type=\"text-editor.default\">\n\t\t\t\t<div class=\"elementor-widget-container\">\n\t\t\t\t\t\t\t\t\t<p>You can check our contact form.<\/p>\t\t\t\t\t\t\t\t<\/div>\n\t\t\t\t<\/div>\n\t\t\t\t\t<\/div>\n\t\t<\/div>\n\t\t\t\t<div class=\"elementor-column elementor-col-33 elementor-inner-column elementor-element elementor-element-e715005\" data-id=\"e715005\" data-element_type=\"column\" data-e-type=\"column\">\n\t\t\t<div class=\"elementor-widget-wrap elementor-element-populated\">\n\t\t\t\t\t\t<div class=\"elementor-element elementor-element-586c927 elementor-align-right elementor-tablet-align-center elementor-widget elementor-widget-button\" data-id=\"586c927\" data-element_type=\"widget\" data-e-type=\"widget\" data-widget_type=\"button.default\">\n\t\t\t\t<div class=\"elementor-widget-container\">\n\t\t\t\t\t\t\t\t\t<div class=\"elementor-button-wrapper\">\n\t\t\t\t\t<a class=\"elementor-button elementor-button-link elementor-size-sm\" href=\"https:\/\/factoria14.com\/web\/en\/contacto\/\">\n\t\t\t\t\t\t<span class=\"elementor-button-content-wrapper\">\n\t\t\t\t\t\t\t\t\t<span class=\"elementor-button-text\">I asked for your budget<\/span>\n\t\t\t\t\t<\/span>\n\t\t\t\t\t<\/a>\n\t\t\t\t<\/div>\n\t\t\t\t\t\t\t\t<\/div>\n\t\t\t\t<\/div>\n\t\t\t\t\t<\/div>\n\t\t<\/div>\n\t\t\t\t\t<\/div>\n\t\t<\/section>\n\t\t\t\t\t<\/div>\n\t\t<\/div>\n\t\t\t\t\t<\/div>\n\t\t<\/section>\n\t\t\t\t<\/div>","protected":false},"excerpt":{"rendered":"<p>Servicios Tampograf\u00eda La tampograf\u00eda, es un sistema de marcado indirecto mediante la transferencia de tinta usando un tamp\u00f3n de silicona o caucho. Es ideal para imprimir en piezas con deformaciones (formas curvas o rugosas), con bastante definici\u00f3n. Ideal para superficies complejas Impresi\u00f3n en superficies curvas y rugosas. Proceso detallado de impresi\u00f3n Tinta en clis\u00e9, aplicada [&hellip;]<\/p>\n","protected":false},"author":3,"featured_media":0,"parent":0,"menu_order":0,"comment_status":"closed","ping_status":"closed","template":"","meta":{"footnotes":""},"class_list":["post-47","page","type-page","status-publish","hentry"],"yoast_head":"<!-- This site is optimized with the Yoast SEO plugin v27.0 - https:\/\/yoast.com\/product\/yoast-seo-wordpress\/ -->\n<title>Tampograf\u00eda - Factoria 14<\/title>\n<meta name=\"description\" content=\"Servicios Tampograf\u00eda La tampograf\u00eda, es un sistema de marcado indirecto mediante la transferencia de tinta usando un tamp\u00f3n de silicona o caucho. Es\" \/>\n<meta name=\"robots\" content=\"index, follow, max-snippet:-1, max-image-preview:large, max-video-preview:-1\" \/>\n<link rel=\"canonical\" href=\"https:\/\/factoria14.com\/web\/en\/tampografia\/\" \/>\n<meta property=\"og:locale\" content=\"en_GB\" \/>\n<meta property=\"og:type\" content=\"article\" \/>\n<meta property=\"og:title\" content=\"Tampograf\u00eda - Factoria 14\" \/>\n<meta property=\"og:description\" content=\"Servicios Tampograf\u00eda La tampograf\u00eda, es un sistema de marcado indirecto mediante la transferencia de tinta usando un tamp\u00f3n de silicona o caucho. Es\" \/>\n<meta property=\"og:url\" content=\"https:\/\/factoria14.com\/web\/en\/tampografia\/\" \/>\n<meta property=\"og:site_name\" content=\"Factoria 14\" \/>\n<meta property=\"article:modified_time\" content=\"2024-10-30T20:21:12+00:00\" \/>\n<meta name=\"twitter:card\" content=\"summary_large_image\" \/>\n<meta name=\"twitter:label1\" content=\"Estimated reading time\" \/>\n\t<meta name=\"twitter:data1\" content=\"1 minute\" \/>\n<script type=\"application\/ld+json\" class=\"yoast-schema-graph\">{\"@context\":\"https:\/\/schema.org\",\"@graph\":[{\"@type\":\"WebPage\",\"@id\":\"https:\/\/factoria14.com\/web\/tampografia\/\",\"url\":\"https:\/\/factoria14.com\/web\/tampografia\/\",\"name\":\"Tampograf\u00eda - Factoria 14\",\"isPartOf\":{\"@id\":\"https:\/\/factoria14.com\/web\/#website\"},\"datePublished\":\"2024-07-09T13:30:36+00:00\",\"dateModified\":\"2024-10-30T20:21:12+00:00\",\"description\":\"Servicios Tampograf\u00eda La tampograf\u00eda, es un sistema de marcado indirecto mediante la transferencia de tinta usando un tamp\u00f3n de silicona o caucho. Es\",\"breadcrumb\":{\"@id\":\"https:\/\/factoria14.com\/web\/tampografia\/#breadcrumb\"},\"inLanguage\":\"en-GB\",\"potentialAction\":[{\"@type\":\"ReadAction\",\"target\":[\"https:\/\/factoria14.com\/web\/tampografia\/\"]}]},{\"@type\":\"BreadcrumbList\",\"@id\":\"https:\/\/factoria14.com\/web\/tampografia\/#breadcrumb\",\"itemListElement\":[{\"@type\":\"ListItem\",\"position\":1,\"name\":\"Portada\",\"item\":\"https:\/\/factoria14.com\/web\/\"},{\"@type\":\"ListItem\",\"position\":2,\"name\":\"Tampograf\u00eda\"}]},{\"@type\":\"WebSite\",\"@id\":\"https:\/\/factoria14.com\/web\/#website\",\"url\":\"https:\/\/factoria14.com\/web\/\",\"name\":\"Factoria 14\",\"description\":\"Factor\u00eda 14, serigrafia en Elche\",\"publisher\":{\"@id\":\"https:\/\/factoria14.com\/web\/#organization\"},\"potentialAction\":[{\"@type\":\"SearchAction\",\"target\":{\"@type\":\"EntryPoint\",\"urlTemplate\":\"https:\/\/factoria14.com\/web\/?s={search_term_string}\"},\"query-input\":{\"@type\":\"PropertyValueSpecification\",\"valueRequired\":true,\"valueName\":\"search_term_string\"}}],\"inLanguage\":\"en-GB\"},{\"@type\":\"Organization\",\"@id\":\"https:\/\/factoria14.com\/web\/#organization\",\"name\":\"Factoria 14\",\"url\":\"https:\/\/factoria14.com\/web\/\",\"logo\":{\"@type\":\"ImageObject\",\"inLanguage\":\"en-GB\",\"@id\":\"https:\/\/factoria14.com\/web\/#\/schema\/logo\/image\/\",\"url\":\"https:\/\/factoria14.com\/web\/wp-content\/uploads\/2024\/07\/logoFactoria1.png\",\"contentUrl\":\"https:\/\/factoria14.com\/web\/wp-content\/uploads\/2024\/07\/logoFactoria1.png\",\"width\":974,\"height\":144,\"caption\":\"Factoria 14\"},\"image\":{\"@id\":\"https:\/\/factoria14.com\/web\/#\/schema\/logo\/image\/\"}}]}<\/script>\n<!-- \/ Yoast SEO plugin. -->","yoast_head_json":{"title":"Tampograf\u00eda - Factoria 14","description":"Servicios Tampograf\u00eda La tampograf\u00eda, es un sistema de marcado indirecto mediante la transferencia de tinta usando un tamp\u00f3n de silicona o caucho. Es","robots":{"index":"index","follow":"follow","max-snippet":"max-snippet:-1","max-image-preview":"max-image-preview:large","max-video-preview":"max-video-preview:-1"},"canonical":"https:\/\/factoria14.com\/web\/en\/tampografia\/","og_locale":"en_GB","og_type":"article","og_title":"Tampograf\u00eda - Factoria 14","og_description":"Servicios Tampograf\u00eda La tampograf\u00eda, es un sistema de marcado indirecto mediante la transferencia de tinta usando un tamp\u00f3n de silicona o caucho. Es","og_url":"https:\/\/factoria14.com\/web\/en\/tampografia\/","og_site_name":"Factoria 14","article_modified_time":"2024-10-30T20:21:12+00:00","twitter_card":"summary_large_image","twitter_misc":{"Estimated reading time":"1 minute"},"schema":{"@context":"https:\/\/schema.org","@graph":[{"@type":"WebPage","@id":"https:\/\/factoria14.com\/web\/tampografia\/","url":"https:\/\/factoria14.com\/web\/tampografia\/","name":"Tampograf\u00eda - Factoria 14","isPartOf":{"@id":"https:\/\/factoria14.com\/web\/#website"},"datePublished":"2024-07-09T13:30:36+00:00","dateModified":"2024-10-30T20:21:12+00:00","description":"Servicios Tampograf\u00eda La tampograf\u00eda, es un sistema de marcado indirecto mediante la transferencia de tinta usando un tamp\u00f3n de silicona o caucho. Es","breadcrumb":{"@id":"https:\/\/factoria14.com\/web\/tampografia\/#breadcrumb"},"inLanguage":"en-GB","potentialAction":[{"@type":"ReadAction","target":["https:\/\/factoria14.com\/web\/tampografia\/"]}]},{"@type":"BreadcrumbList","@id":"https:\/\/factoria14.com\/web\/tampografia\/#breadcrumb","itemListElement":[{"@type":"ListItem","position":1,"name":"Portada","item":"https:\/\/factoria14.com\/web\/"},{"@type":"ListItem","position":2,"name":"Tampograf\u00eda"}]},{"@type":"WebSite","@id":"https:\/\/factoria14.com\/web\/#website","url":"https:\/\/factoria14.com\/web\/","name":"Factory 14","description":"Factor\u00eda 14, serigrafia en Elche","publisher":{"@id":"https:\/\/factoria14.com\/web\/#organization"},"potentialAction":[{"@type":"SearchAction","target":{"@type":"EntryPoint","urlTemplate":"https:\/\/factoria14.com\/web\/?s={search_term_string}"},"query-input":{"@type":"PropertyValueSpecification","valueRequired":true,"valueName":"search_term_string"}}],"inLanguage":"en-GB"},{"@type":"Organization","@id":"https:\/\/factoria14.com\/web\/#organization","name":"Factory 14","url":"https:\/\/factoria14.com\/web\/","logo":{"@type":"ImageObject","inLanguage":"en-GB","@id":"https:\/\/factoria14.com\/web\/#\/schema\/logo\/image\/","url":"https:\/\/factoria14.com\/web\/wp-content\/uploads\/2024\/07\/logoFactoria1.png","contentUrl":"https:\/\/factoria14.com\/web\/wp-content\/uploads\/2024\/07\/logoFactoria1.png","width":974,"height":144,"caption":"Factoria 14"},"image":{"@id":"https:\/\/factoria14.com\/web\/#\/schema\/logo\/image\/"}}]}},"_links":{"self":[{"href":"https:\/\/factoria14.com\/web\/en\/wp-json\/wp\/v2\/pages\/47","targetHints":{"allow":["GET"]}}],"collection":[{"href":"https:\/\/factoria14.com\/web\/en\/wp-json\/wp\/v2\/pages"}],"about":[{"href":"https:\/\/factoria14.com\/web\/en\/wp-json\/wp\/v2\/types\/page"}],"author":[{"embeddable":true,"href":"https:\/\/factoria14.com\/web\/en\/wp-json\/wp\/v2\/users\/3"}],"replies":[{"embeddable":true,"href":"https:\/\/factoria14.com\/web\/en\/wp-json\/wp\/v2\/comments?post=47"}],"version-history":[{"count":43,"href":"https:\/\/factoria14.com\/web\/en\/wp-json\/wp\/v2\/pages\/47\/revisions"}],"predecessor-version":[{"id":1515,"href":"https:\/\/factoria14.com\/web\/en\/wp-json\/wp\/v2\/pages\/47\/revisions\/1515"}],"wp:attachment":[{"href":"https:\/\/factoria14.com\/web\/en\/wp-json\/wp\/v2\/media?parent=47"}],"curies":[{"name":"wp","href":"https:\/\/api.w.org\/{rel}","templated":true}]}}