{"id":1449,"date":"2024-10-28T16:13:21","date_gmt":"2024-10-28T16:13:21","guid":{"rendered":"https:\/\/factoria14.com\/web\/?post_type=product&#038;p=1449"},"modified":"2024-10-31T13:36:29","modified_gmt":"2024-10-31T13:36:29","slug":"camiseta-original","status":"publish","type":"product","link":"https:\/\/factoria14.com\/web\/product\/camiseta-original\/","title":{"rendered":"Camiseta Original"},"content":{"rendered":"<div>**Camiseta Original* Descubre nuestra camiseta original, dise\u00f1ada para quienes<\/div>\n<div>buscan destacar con autenticidad. Confeccionada en suave algod\u00f3n, ofrece un ajuste perfecto<\/div>\n<div>y un dise\u00f1o exclusivo que la convierte en una pieza esencial para cualquier ocasi\u00f3n.<\/div>\n<div>\u00a1Expr\u00e9sate con estilo y hazla tuya!<\/div>\n","protected":false},"excerpt":{"rendered":"<p>**Camiseta Original* Descubre nuestra camiseta original, dise\u00f1ada para quienes buscan destacar con autenticidad. Confeccionada en suave algod\u00f3n, ofrece un ajuste perfecto y un dise\u00f1o exclusivo que la convierte en una pieza esencial para cualquier ocasi\u00f3n. \u00a1Expr\u00e9sate con estilo y hazla tuya!<\/p>\n","protected":false},"featured_media":1550,"comment_status":"open","ping_status":"closed","template":"","meta":[],"product_brand":[],"product_cat":[27],"product_tag":[],"class_list":{"0":"post-1449","1":"product","2":"type-product","3":"status-publish","4":"has-post-thumbnail","6":"product_cat-camisetas","8":"first","9":"instock","10":"shipping-taxable","11":"purchasable","12":"product-type-simple"},"yoast_head":"<!-- This site is optimized with the Yoast SEO plugin v27.0 - https:\/\/yoast.com\/product\/yoast-seo-wordpress\/ -->\n<title>Camiseta Original - Factoria 14<\/title>\n<meta name=\"robots\" content=\"index, follow, max-snippet:-1, max-image-preview:large, max-video-preview:-1\" \/>\n<link rel=\"canonical\" href=\"https:\/\/factoria14.com\/web\/product\/camiseta-original\/\" \/>\n<meta property=\"og:locale\" content=\"es_ES\" \/>\n<meta property=\"og:type\" content=\"article\" \/>\n<meta property=\"og:title\" content=\"Camiseta Original - Factoria 14\" \/>\n<meta property=\"og:description\" content=\"**Camiseta Original* Descubre nuestra camiseta original, dise\u00f1ada para quienes buscan destacar con autenticidad. Confeccionada en suave algod\u00f3n, ofrece un ajuste perfecto y un dise\u00f1o exclusivo que la convierte en una pieza esencial para cualquier ocasi\u00f3n. \u00a1Expr\u00e9sate con estilo y hazla tuya!\" \/>\n<meta property=\"og:url\" content=\"https:\/\/factoria14.com\/web\/product\/camiseta-original\/\" \/>\n<meta property=\"og:site_name\" content=\"Factoria 14\" \/>\n<meta property=\"article:modified_time\" content=\"2024-10-31T13:36:29+00:00\" \/>\n<meta property=\"og:image\" content=\"https:\/\/factoria14.com\/web\/wp-content\/uploads\/2024\/10\/Camiseta_basic_Mesa-de-trabajo-1-1.jpg\" \/>\n\t<meta property=\"og:image:width\" content=\"456\" \/>\n\t<meta property=\"og:image:height\" content=\"520\" \/>\n\t<meta property=\"og:image:type\" content=\"image\/jpeg\" \/>\n<meta name=\"twitter:card\" content=\"summary_large_image\" \/>\n<script type=\"application\/ld+json\" class=\"yoast-schema-graph\">{\"@context\":\"https:\/\/schema.org\",\"@graph\":[{\"@type\":\"WebPage\",\"@id\":\"https:\/\/factoria14.com\/web\/product\/camiseta-original\/\",\"url\":\"https:\/\/factoria14.com\/web\/product\/camiseta-original\/\",\"name\":\"Camiseta Original - Factoria 14\",\"isPartOf\":{\"@id\":\"https:\/\/factoria14.com\/web\/#website\"},\"primaryImageOfPage\":{\"@id\":\"https:\/\/factoria14.com\/web\/product\/camiseta-original\/#primaryimage\"},\"image\":{\"@id\":\"https:\/\/factoria14.com\/web\/product\/camiseta-original\/#primaryimage\"},\"thumbnailUrl\":\"https:\/\/factoria14.com\/web\/wp-content\/uploads\/2024\/10\/Camiseta_basic_Mesa-de-trabajo-1-1.jpg\",\"datePublished\":\"2024-10-28T16:13:21+00:00\",\"dateModified\":\"2024-10-31T13:36:29+00:00\",\"breadcrumb\":{\"@id\":\"https:\/\/factoria14.com\/web\/product\/camiseta-original\/#breadcrumb\"},\"inLanguage\":\"es\",\"potentialAction\":[{\"@type\":\"ReadAction\",\"target\":[\"https:\/\/factoria14.com\/web\/product\/camiseta-original\/\"]}]},{\"@type\":\"ImageObject\",\"inLanguage\":\"es\",\"@id\":\"https:\/\/factoria14.com\/web\/product\/camiseta-original\/#primaryimage\",\"url\":\"https:\/\/factoria14.com\/web\/wp-content\/uploads\/2024\/10\/Camiseta_basic_Mesa-de-trabajo-1-1.jpg\",\"contentUrl\":\"https:\/\/factoria14.com\/web\/wp-content\/uploads\/2024\/10\/Camiseta_basic_Mesa-de-trabajo-1-1.jpg\",\"width\":456,\"height\":520},{\"@type\":\"BreadcrumbList\",\"@id\":\"https:\/\/factoria14.com\/web\/product\/camiseta-original\/#breadcrumb\",\"itemListElement\":[{\"@type\":\"ListItem\",\"position\":1,\"name\":\"Portada\",\"item\":\"https:\/\/factoria14.com\/web\/\"},{\"@type\":\"ListItem\",\"position\":2,\"name\":\"Tienda online\",\"item\":\"https:\/\/factoria14.com\/web\/tienda-online\/\"},{\"@type\":\"ListItem\",\"position\":3,\"name\":\"Camiseta Original\"}]},{\"@type\":\"WebSite\",\"@id\":\"https:\/\/factoria14.com\/web\/#website\",\"url\":\"https:\/\/factoria14.com\/web\/\",\"name\":\"Factoria 14\",\"description\":\"Factor\u00eda 14, serigrafia en Elche\",\"publisher\":{\"@id\":\"https:\/\/factoria14.com\/web\/#organization\"},\"potentialAction\":[{\"@type\":\"SearchAction\",\"target\":{\"@type\":\"EntryPoint\",\"urlTemplate\":\"https:\/\/factoria14.com\/web\/?s={search_term_string}\"},\"query-input\":{\"@type\":\"PropertyValueSpecification\",\"valueRequired\":true,\"valueName\":\"search_term_string\"}}],\"inLanguage\":\"es\"},{\"@type\":\"Organization\",\"@id\":\"https:\/\/factoria14.com\/web\/#organization\",\"name\":\"Factoria 14\",\"url\":\"https:\/\/factoria14.com\/web\/\",\"logo\":{\"@type\":\"ImageObject\",\"inLanguage\":\"es\",\"@id\":\"https:\/\/factoria14.com\/web\/#\/schema\/logo\/image\/\",\"url\":\"https:\/\/factoria14.com\/web\/wp-content\/uploads\/2024\/07\/logoFactoria1.png\",\"contentUrl\":\"https:\/\/factoria14.com\/web\/wp-content\/uploads\/2024\/07\/logoFactoria1.png\",\"width\":974,\"height\":144,\"caption\":\"Factoria 14\"},\"image\":{\"@id\":\"https:\/\/factoria14.com\/web\/#\/schema\/logo\/image\/\"}}]}<\/script>\n<!-- \/ Yoast SEO plugin. -->","yoast_head_json":{"title":"Camiseta Original - Factoria 14","robots":{"index":"index","follow":"follow","max-snippet":"max-snippet:-1","max-image-preview":"max-image-preview:large","max-video-preview":"max-video-preview:-1"},"canonical":"https:\/\/factoria14.com\/web\/product\/camiseta-original\/","og_locale":"es_ES","og_type":"article","og_title":"Camiseta Original - Factoria 14","og_description":"**Camiseta Original* Descubre nuestra camiseta original, dise\u00f1ada para quienes buscan destacar con autenticidad. Confeccionada en suave algod\u00f3n, ofrece un ajuste perfecto y un dise\u00f1o exclusivo que la convierte en una pieza esencial para cualquier ocasi\u00f3n. \u00a1Expr\u00e9sate con estilo y hazla tuya!","og_url":"https:\/\/factoria14.com\/web\/product\/camiseta-original\/","og_site_name":"Factoria 14","article_modified_time":"2024-10-31T13:36:29+00:00","og_image":[{"width":456,"height":520,"url":"https:\/\/factoria14.com\/web\/wp-content\/uploads\/2024\/10\/Camiseta_basic_Mesa-de-trabajo-1-1.jpg","type":"image\/jpeg"}],"twitter_card":"summary_large_image","schema":{"@context":"https:\/\/schema.org","@graph":[{"@type":"WebPage","@id":"https:\/\/factoria14.com\/web\/product\/camiseta-original\/","url":"https:\/\/factoria14.com\/web\/product\/camiseta-original\/","name":"Camiseta Original - Factoria 14","isPartOf":{"@id":"https:\/\/factoria14.com\/web\/#website"},"primaryImageOfPage":{"@id":"https:\/\/factoria14.com\/web\/product\/camiseta-original\/#primaryimage"},"image":{"@id":"https:\/\/factoria14.com\/web\/product\/camiseta-original\/#primaryimage"},"thumbnailUrl":"https:\/\/factoria14.com\/web\/wp-content\/uploads\/2024\/10\/Camiseta_basic_Mesa-de-trabajo-1-1.jpg","datePublished":"2024-10-28T16:13:21+00:00","dateModified":"2024-10-31T13:36:29+00:00","breadcrumb":{"@id":"https:\/\/factoria14.com\/web\/product\/camiseta-original\/#breadcrumb"},"inLanguage":"es","potentialAction":[{"@type":"ReadAction","target":["https:\/\/factoria14.com\/web\/product\/camiseta-original\/"]}]},{"@type":"ImageObject","inLanguage":"es","@id":"https:\/\/factoria14.com\/web\/product\/camiseta-original\/#primaryimage","url":"https:\/\/factoria14.com\/web\/wp-content\/uploads\/2024\/10\/Camiseta_basic_Mesa-de-trabajo-1-1.jpg","contentUrl":"https:\/\/factoria14.com\/web\/wp-content\/uploads\/2024\/10\/Camiseta_basic_Mesa-de-trabajo-1-1.jpg","width":456,"height":520},{"@type":"BreadcrumbList","@id":"https:\/\/factoria14.com\/web\/product\/camiseta-original\/#breadcrumb","itemListElement":[{"@type":"ListItem","position":1,"name":"Portada","item":"https:\/\/factoria14.com\/web\/"},{"@type":"ListItem","position":2,"name":"Tienda online","item":"https:\/\/factoria14.com\/web\/tienda-online\/"},{"@type":"ListItem","position":3,"name":"Camiseta Original"}]},{"@type":"WebSite","@id":"https:\/\/factoria14.com\/web\/#website","url":"https:\/\/factoria14.com\/web\/","name":"Factoria 14","description":"Factor\u00eda 14, serigrafia en Elche","publisher":{"@id":"https:\/\/factoria14.com\/web\/#organization"},"potentialAction":[{"@type":"SearchAction","target":{"@type":"EntryPoint","urlTemplate":"https:\/\/factoria14.com\/web\/?s={search_term_string}"},"query-input":{"@type":"PropertyValueSpecification","valueRequired":true,"valueName":"search_term_string"}}],"inLanguage":"es"},{"@type":"Organization","@id":"https:\/\/factoria14.com\/web\/#organization","name":"Factoria 14","url":"https:\/\/factoria14.com\/web\/","logo":{"@type":"ImageObject","inLanguage":"es","@id":"https:\/\/factoria14.com\/web\/#\/schema\/logo\/image\/","url":"https:\/\/factoria14.com\/web\/wp-content\/uploads\/2024\/07\/logoFactoria1.png","contentUrl":"https:\/\/factoria14.com\/web\/wp-content\/uploads\/2024\/07\/logoFactoria1.png","width":974,"height":144,"caption":"Factoria 14"},"image":{"@id":"https:\/\/factoria14.com\/web\/#\/schema\/logo\/image\/"}}]}},"_links":{"self":[{"href":"https:\/\/factoria14.com\/web\/wp-json\/wp\/v2\/product\/1449","targetHints":{"allow":["GET"]}}],"collection":[{"href":"https:\/\/factoria14.com\/web\/wp-json\/wp\/v2\/product"}],"about":[{"href":"https:\/\/factoria14.com\/web\/wp-json\/wp\/v2\/types\/product"}],"replies":[{"embeddable":true,"href":"https:\/\/factoria14.com\/web\/wp-json\/wp\/v2\/comments?post=1449"}],"wp:featuredmedia":[{"embeddable":true,"href":"https:\/\/factoria14.com\/web\/wp-json\/wp\/v2\/media\/1550"}],"wp:attachment":[{"href":"https:\/\/factoria14.com\/web\/wp-json\/wp\/v2\/media?parent=1449"}],"wp:term":[{"taxonomy":"product_brand","embeddable":true,"href":"https:\/\/factoria14.com\/web\/wp-json\/wp\/v2\/product_brand?post=1449"},{"taxonomy":"product_cat","embeddable":true,"href":"https:\/\/factoria14.com\/web\/wp-json\/wp\/v2\/product_cat?post=1449"},{"taxonomy":"product_tag","embeddable":true,"href":"https:\/\/factoria14.com\/web\/wp-json\/wp\/v2\/product_tag?post=1449"}],"curies":[{"name":"wp","href":"https:\/\/api.w.org\/{rel}","templated":true}]}}